{"id":237,"date":"2025-09-02T17:52:11","date_gmt":"2025-09-02T21:52:11","guid":{"rendered":"http:\/\/porta.insopesca.gob.ve\/?page_id=237"},"modified":"2026-03-19T11:10:03","modified_gmt":"2026-03-19T15:10:03","slug":"registro-de-empresa","status":"publish","type":"page","link":"https:\/\/insopesca.gob.ve\/?page_id=237","title":{"rendered":"Registro de Empresa"},"content":{"rendered":"\t\t<div data-elementor-type=\"wp-page\" data-elementor-id=\"237\" class=\"elementor elementor-237\">\n\t\t\t\t\t\t<section class=\"elementor-section elementor-top-section elementor-element elementor-element-1e402933 elementor-section-boxed elementor-section-height-default elementor-section-height-default\" data-id=\"1e402933\" data-element_type=\"section\" data-settings=\"{&quot;background_background&quot;:&quot;classic&quot;}\">\n\t\t\t\t\t\t<div class=\"elementor-container elementor-column-gap-default\">\n\t\t\t\t\t<div class=\"elementor-column elementor-col-100 elementor-top-column elementor-element elementor-element-6819350d\" data-id=\"6819350d\" data-element_type=\"column\">\n\t\t\t<div class=\"elementor-widget-wrap\">\n\t\t\t\t\t\t\t<\/div>\n\t\t<\/div>\n\t\t\t\t\t<\/div>\n\t\t<\/section>\n\t\t\t\t<section class=\"elementor-section elementor-top-section elementor-element elementor-element-7f64ac14 elementor-section-boxed elementor-section-height-default elementor-section-height-default\" data-id=\"7f64ac14\" data-element_type=\"section\">\n\t\t\t\t\t\t<div class=\"elementor-container elementor-column-gap-default\">\n\t\t\t\t\t<div class=\"elementor-column elementor-col-33 elementor-top-column elementor-element elementor-element-4e8cc86f\" data-id=\"4e8cc86f\" data-element_type=\"column\" data-settings=\"{&quot;background_background&quot;:&quot;classic&quot;}\">\n\t\t\t<div class=\"elementor-widget-wrap elementor-element-populated\">\n\t\t\t\t\t<div class=\"elementor-background-overlay\"><\/div>\n\t\t\t\t\t\t<div class=\"elementor-element elementor-element-651b9b4 elementor-widget elementor-widget-image\" data-id=\"651b9b4\" data-element_type=\"widget\" data-widget_type=\"image.default\">\n\t\t\t\t\t\t\t\t\t\t\t\t\t\t\t<img fetchpriority=\"high\" decoding=\"async\" width=\"270\" height=\"200\" src=\"https:\/\/insopesca.gob.ve\/wp-content\/uploads\/2025\/08\/expendios.png\" class=\"attachment-full size-full wp-image-191\" alt=\"\" sizes=\"100vw\" \/>\t\t\t\t\t\t\t\t\t\t\t\t\t\t\t<\/div>\n\t\t\t\t<div class=\"elementor-element elementor-element-265002f8 elementor-widget elementor-widget-heading\" data-id=\"265002f8\" data-element_type=\"widget\" data-widget_type=\"heading.default\">\n\t\t\t\t\t<h2 class=\"elementor-heading-title elementor-size-default\">Comercializadoras: Administrativas de Importaci\u00f3n y Exportaci\u00f3n<\/h2>\t\t\t\t<\/div>\n\t\t\t\t<div class=\"elementor-element elementor-element-3012d496 elementor-widget elementor-widget-text-editor\" data-id=\"3012d496\" data-element_type=\"widget\" data-widget_type=\"text-editor.default\">\n\t\t\t\t\t\t\t\t\t<ul><li><strong>Planilla de solicitud de registro<\/strong><\/li><li><strong>Copia de la C.I del representante legal<\/strong><\/li><li><strong>Copia del registro mercantil<\/strong><\/li><li><strong>Pago tasa correspondiente<\/strong><\/li><li><strong>Copia del Rif de la empresa<\/strong><\/li><\/ul>\t\t\t\t\t\t\t\t<\/div>\n\t\t\t\t\t<\/div>\n\t\t<\/div>\n\t\t\t\t<div class=\"elementor-column elementor-col-33 elementor-top-column elementor-element elementor-element-25ecb040\" data-id=\"25ecb040\" data-element_type=\"column\" data-settings=\"{&quot;background_background&quot;:&quot;classic&quot;}\">\n\t\t\t<div class=\"elementor-widget-wrap elementor-element-populated\">\n\t\t\t\t\t<div class=\"elementor-background-overlay\"><\/div>\n\t\t\t\t\t\t<div class=\"elementor-element elementor-element-a4d4ada elementor-widget elementor-widget-image\" data-id=\"a4d4ada\" data-element_type=\"widget\" data-widget_type=\"image.default\">\n\t\t\t\t\t\t\t\t\t\t\t\t\t\t\t<img decoding=\"async\" width=\"270\" height=\"200\" src=\"https:\/\/insopesca.gob.ve\/wp-content\/uploads\/2025\/08\/laboratorio-para-analisis.png\" class=\"attachment-full size-full wp-image-194\" alt=\"\" sizes=\"100vw\" \/>\t\t\t\t\t\t\t\t\t\t\t\t\t\t\t<\/div>\n\t\t\t\t<div class=\"elementor-element elementor-element-327ca2d9 elementor-widget elementor-widget-heading\" data-id=\"327ca2d9\" data-element_type=\"widget\" data-widget_type=\"heading.default\">\n\t\t\t\t\t<h2 class=\"elementor-heading-title elementor-size-default\">Laboratorios para an\u00e1lisis de productos para consumo humano, alimento animal y patolog\u00edas<\/h2>\t\t\t\t<\/div>\n\t\t\t\t<div class=\"elementor-element elementor-element-195fc720 elementor-widget elementor-widget-text-editor\" data-id=\"195fc720\" data-element_type=\"widget\" data-widget_type=\"text-editor.default\">\n\t\t\t\t\t\t\t\t\t<div class=\"et_pb_blurb_description\"><ul><li><strong>\u00a0Planilla de solicitud de registro<\/strong><\/li><li><strong>Copia de la C.I del representante legal<\/strong><\/li><li><strong>Copia del registro mercantil<\/strong><\/li><li><strong>Pago tasa correspondiente<\/strong><\/li><li><strong>Copia del Rif de la empresa<\/strong><\/li><li><strong>Copias de an\u00e1lisis microbiol\u00f3gicos y f\u00edsicos qu\u00edmicos del agua<\/strong><\/li><\/ul><\/div>\t\t\t\t\t\t\t\t<\/div>\n\t\t\t\t\t<\/div>\n\t\t<\/div>\n\t\t\t\t<div class=\"elementor-column elementor-col-33 elementor-top-column elementor-element elementor-element-7ba97a15\" data-id=\"7ba97a15\" data-element_type=\"column\" data-settings=\"{&quot;background_background&quot;:&quot;classic&quot;}\">\n\t\t\t<div class=\"elementor-widget-wrap elementor-element-populated\">\n\t\t\t\t\t<div class=\"elementor-background-overlay\"><\/div>\n\t\t\t\t\t\t<div class=\"elementor-element elementor-element-5779adf elementor-widget elementor-widget-image\" data-id=\"5779adf\" data-element_type=\"widget\" data-widget_type=\"image.default\">\n\t\t\t\t\t\t\t\t\t\t\t\t\t\t\t<img decoding=\"async\" width=\"270\" height=\"200\" src=\"https:\/\/insopesca.gob.ve\/wp-content\/uploads\/2025\/08\/centro-de-acopio.png\" class=\"attachment-full size-full wp-image-188\" alt=\"\" sizes=\"100vw\" \/>\t\t\t\t\t\t\t\t\t\t\t\t\t\t\t<\/div>\n\t\t\t\t<div class=\"elementor-element elementor-element-17b25bdd elementor-widget elementor-widget-heading\" data-id=\"17b25bdd\" data-element_type=\"widget\" data-widget_type=\"heading.default\">\n\t\t\t\t\t<h2 class=\"elementor-heading-title elementor-size-default\">Almacenadoras o Centros de Acopio<\/h2>\t\t\t\t<\/div>\n\t\t\t\t<div class=\"elementor-element elementor-element-239246ff elementor-widget elementor-widget-text-editor\" data-id=\"239246ff\" data-element_type=\"widget\" data-widget_type=\"text-editor.default\">\n\t\t\t\t\t\t\t\t\t<div class=\"et_pb_blurb_description\"><ul><li><strong>Planilla de solicitud de registro<\/strong><\/li><li><strong>Copia de la C.I del representante legal<\/strong><\/li><li><strong>Copia del registro mercantil<\/strong><\/li><li><strong>Pago tasa correspondiente<\/strong><\/li><li><strong>Copia del Rif de la empresa<\/strong><\/li><\/ul><\/div>\t\t\t\t\t\t\t\t<\/div>\n\t\t\t\t\t<\/div>\n\t\t<\/div>\n\t\t\t\t\t<\/div>\n\t\t<\/section>\n\t\t\t\t<section class=\"elementor-section elementor-top-section elementor-element elementor-element-657c548 elementor-section-boxed elementor-section-height-default elementor-section-height-default\" data-id=\"657c548\" data-element_type=\"section\">\n\t\t\t\t\t\t<div class=\"elementor-container elementor-column-gap-default\">\n\t\t\t\t\t<div class=\"elementor-column elementor-col-50 elementor-top-column elementor-element elementor-element-142cc05\" data-id=\"142cc05\" data-element_type=\"column\" data-settings=\"{&quot;background_background&quot;:&quot;classic&quot;}\">\n\t\t\t<div class=\"elementor-widget-wrap elementor-element-populated\">\n\t\t\t\t\t<div class=\"elementor-background-overlay\"><\/div>\n\t\t\t\t\t\t<div class=\"elementor-element elementor-element-ae1018e elementor-widget elementor-widget-image\" data-id=\"ae1018e\" data-element_type=\"widget\" data-widget_type=\"image.default\">\n\t\t\t\t\t\t\t\t\t\t\t\t\t\t\t<img fetchpriority=\"high\" decoding=\"async\" width=\"270\" height=\"200\" src=\"https:\/\/insopesca.gob.ve\/wp-content\/uploads\/2025\/08\/expendios.png\" class=\"attachment-full size-full wp-image-191\" alt=\"\" sizes=\"100vw\" \/>\t\t\t\t\t\t\t\t\t\t\t\t\t\t\t<\/div>\n\t\t\t\t<div class=\"elementor-element elementor-element-f71309e elementor-widget elementor-widget-heading\" data-id=\"f71309e\" data-element_type=\"widget\" data-widget_type=\"heading.default\">\n\t\t\t\t\t<h2 class=\"elementor-heading-title elementor-size-default\">Expendios: Pescader\u00edas, Mercados Municipales, Supermercados<\/h2>\t\t\t\t<\/div>\n\t\t\t\t<div class=\"elementor-element elementor-element-cd70a40 elementor-widget elementor-widget-text-editor\" data-id=\"cd70a40\" data-element_type=\"widget\" data-widget_type=\"text-editor.default\">\n\t\t\t\t\t\t\t\t\t<div class=\"et_pb_blurb_description\"><ul><li><strong>\u00a0Planilla de solicitud de registro<\/strong><\/li><li><strong>Copia de la C.I del representante legal<\/strong><\/li><li><strong>Copia del registro mercantil<\/strong><\/li><li><strong>Pago tasa correspondiente<\/strong><\/li><li><strong>Copia del Rif de la empresa<\/strong><\/li><\/ul><\/div>\t\t\t\t\t\t\t\t<\/div>\n\t\t\t\t\t<\/div>\n\t\t<\/div>\n\t\t\t\t<div class=\"elementor-column elementor-col-50 elementor-top-column elementor-element elementor-element-a51d11c\" data-id=\"a51d11c\" data-element_type=\"column\" data-settings=\"{&quot;background_background&quot;:&quot;classic&quot;}\">\n\t\t\t<div class=\"elementor-widget-wrap elementor-element-populated\">\n\t\t\t\t\t<div class=\"elementor-background-overlay\"><\/div>\n\t\t\t\t\t\t<div class=\"elementor-element elementor-element-72a3be5 elementor-widget elementor-widget-image\" data-id=\"72a3be5\" data-element_type=\"widget\" data-widget_type=\"image.default\">\n\t\t\t\t\t\t\t\t\t\t\t\t\t\t\t<img loading=\"lazy\" decoding=\"async\" width=\"270\" height=\"200\" src=\"https:\/\/insopesca.gob.ve\/wp-content\/uploads\/2025\/08\/planta-procesadora.png\" class=\"attachment-full size-full wp-image-197\" alt=\"\" sizes=\"100vw\" \/>\t\t\t\t\t\t\t\t\t\t\t\t\t\t\t<\/div>\n\t\t\t\t<div class=\"elementor-element elementor-element-47d03d9 elementor-widget elementor-widget-heading\" data-id=\"47d03d9\" data-element_type=\"widget\" data-widget_type=\"heading.default\">\n\t\t\t\t\t<h2 class=\"elementor-heading-title elementor-size-default\">Plantas procesadoras para el consumo humano y animal<\/h2>\t\t\t\t<\/div>\n\t\t\t\t<div class=\"elementor-element elementor-element-4fb1803 elementor-widget elementor-widget-text-editor\" data-id=\"4fb1803\" data-element_type=\"widget\" data-widget_type=\"text-editor.default\">\n\t\t\t\t\t\t\t\t\t<div class=\"et_pb_blurb_description\"><ul><li><strong>Planilla de solicitud de registro<\/strong><\/li><li><strong>Copia de la C.I del representante legal<\/strong><\/li><li><strong>Copia del registro mercantil<\/strong><\/li><li><strong>Pago tasa correspondiente<\/strong><\/li><li><strong>Copia del Rif de la empresa<\/strong><\/li><li><strong>Copias de an\u00e1lisis microbiol\u00f3gicos y f\u00edsicos qu\u00edmicos del producto<\/strong><\/li><li><strong>Copias de an\u00e1lisis microbiol\u00f3gicos y f\u00edsicos qu\u00edmicos del agua<\/strong><\/li><\/ul><\/div>\t\t\t\t\t\t\t\t<\/div>\n\t\t\t\t\t<\/div>\n\t\t<\/div>\n\t\t\t\t\t<\/div>\n\t\t<\/section>\n\t\t<div class=\"elementor-element elementor-element-5db973e e-flex e-con-boxed e-con e-parent\" data-id=\"5db973e\" data-element_type=\"container\">\n\t\t\t\t\t<div class=\"e-con-inner\">\n\t\t\t\t<div class=\"elementor-element elementor-element-fa8f6bd elementor-widget elementor-widget-spacer\" data-id=\"fa8f6bd\" data-element_type=\"widget\" data-widget_type=\"spacer.default\">\n\t\t\t\t\t\t\t<div class=\"elementor-spacer\">\n\t\t\t<div class=\"elementor-spacer-inner\"><\/div>\n\t\t<\/div>\n\t\t\t\t\t\t<\/div>\n\t\t\t\t\t<\/div>\n\t\t\t\t<\/div>\n\t\t\t\t<\/div>\n\t\t","protected":false},"excerpt":{"rendered":"<p>Comercializadoras: Administrativas de Importaci\u00f3n y Exportaci\u00f3n Planilla de solicitud de registro Copia de la C.I del representante legal Copia del registro mercantil Pago tasa correspondiente Copia del Rif de la empresa Laboratorios para an\u00e1lisis de productos para consumo humano, alimento animal y patolog\u00edas \u00a0Planilla de solicitud de registro Copia de la C.I del representante legal &hellip; <\/p>\n<p class=\"link-more\"><a href=\"https:\/\/insopesca.gob.ve\/?page_id=237\" class=\"more-link\">Leer m\u00e1s<span class=\"screen-reader-text\"> \u00abRegistro de Empresa\u00bb<\/span><\/a><\/p>\n","protected":false},"author":1,"featured_media":0,"parent":0,"menu_order":0,"comment_status":"closed","ping_status":"closed","template":"","meta":{"footnotes":""},"class_list":["post-237","page","type-page","status-publish","hentry"],"featured_media_urls":[],"_links":{"self":[{"href":"https:\/\/insopesca.gob.ve\/index.php?rest_route=\/wp\/v2\/pages\/237","targetHints":{"allow":["GET"]}}],"collection":[{"href":"https:\/\/insopesca.gob.ve\/index.php?rest_route=\/wp\/v2\/pages"}],"about":[{"href":"https:\/\/insopesca.gob.ve\/index.php?rest_route=\/wp\/v2\/types\/page"}],"author":[{"embeddable":true,"href":"https:\/\/insopesca.gob.ve\/index.php?rest_route=\/wp\/v2\/users\/1"}],"replies":[{"embeddable":true,"href":"https:\/\/insopesca.gob.ve\/index.php?rest_route=%2Fwp%2Fv2%2Fcomments&post=237"}],"version-history":[{"count":28,"href":"https:\/\/insopesca.gob.ve\/index.php?rest_route=\/wp\/v2\/pages\/237\/revisions"}],"predecessor-version":[{"id":1736,"href":"https:\/\/insopesca.gob.ve\/index.php?rest_route=\/wp\/v2\/pages\/237\/revisions\/1736"}],"wp:attachment":[{"href":"https:\/\/insopesca.gob.ve\/index.php?rest_route=%2Fwp%2Fv2%2Fmedia&parent=237"}],"curies":[{"name":"wp","href":"https:\/\/api.w.org\/{rel}","templated":true}]}}