{"id":248,"date":"2025-09-02T17:58:43","date_gmt":"2025-09-02T21:58:43","guid":{"rendered":"http:\/\/porta.insopesca.gob.ve\/?page_id=248"},"modified":"2025-11-28T15:12:07","modified_gmt":"2025-11-28T19:12:07","slug":"permisos-y-certificados","status":"publish","type":"page","link":"https:\/\/insopesca.gob.ve\/?page_id=248","title":{"rendered":"Permisos y Certificados"},"content":{"rendered":"\t\t<div data-elementor-type=\"wp-page\" data-elementor-id=\"248\" class=\"elementor elementor-248\">\n\t\t\t\t\t\t<section class=\"elementor-section elementor-top-section elementor-element elementor-element-3e1a3d7a elementor-section-boxed elementor-section-height-default elementor-section-height-default\" data-id=\"3e1a3d7a\" data-element_type=\"section\" data-settings=\"{&quot;background_background&quot;:&quot;classic&quot;}\">\n\t\t\t\t\t\t<div class=\"elementor-container elementor-column-gap-default\">\n\t\t\t\t\t<div class=\"elementor-column elementor-col-100 elementor-top-column elementor-element elementor-element-2ced964d\" data-id=\"2ced964d\" data-element_type=\"column\">\n\t\t\t<div class=\"elementor-widget-wrap\">\n\t\t\t\t\t\t\t<\/div>\n\t\t<\/div>\n\t\t\t\t\t<\/div>\n\t\t<\/section>\n\t\t\t\t<section class=\"elementor-section elementor-top-section elementor-element elementor-element-7be94af8 elementor-section-boxed elementor-section-height-default elementor-section-height-default\" data-id=\"7be94af8\" data-element_type=\"section\">\n\t\t\t\t\t\t<div class=\"elementor-container elementor-column-gap-default\">\n\t\t\t\t\t<div class=\"elementor-column elementor-col-50 elementor-top-column elementor-element elementor-element-34f8ee49\" data-id=\"34f8ee49\" data-element_type=\"column\" data-settings=\"{&quot;background_background&quot;:&quot;classic&quot;}\">\n\t\t\t<div class=\"elementor-widget-wrap elementor-element-populated\">\n\t\t\t\t\t<div class=\"elementor-background-overlay\"><\/div>\n\t\t\t\t\t\t<div class=\"elementor-element elementor-element-0db46ed elementor-widget elementor-widget-image\" data-id=\"0db46ed\" data-element_type=\"widget\" data-widget_type=\"image.default\">\n\t\t\t\t\t\t\t\t\t\t\t\t\t\t\t<img fetchpriority=\"high\" decoding=\"async\" width=\"270\" height=\"200\" src=\"https:\/\/insopesca.gob.ve\/wp-content\/uploads\/2025\/08\/requisitos-personales-de-trabajo.png\" class=\"attachment-full size-full wp-image-202\" alt=\"\" sizes=\"100vw\" \/>\t\t\t\t\t\t\t\t\t\t\t\t\t\t\t<\/div>\n\t\t\t\t<div class=\"elementor-element elementor-element-5b2f839b elementor-widget elementor-widget-heading\" data-id=\"5b2f839b\" data-element_type=\"widget\" data-widget_type=\"heading.default\">\n\t\t\t\t\t<h2 class=\"elementor-heading-title elementor-size-default\">Requisitos para la emisi\u00f3n de RGT (RGT Personal)<\/h2>\t\t\t\t<\/div>\n\t\t\t\t<div class=\"elementor-element elementor-element-70150207 elementor-widget elementor-widget-text-editor\" data-id=\"70150207\" data-element_type=\"widget\" data-widget_type=\"text-editor.default\">\n\t\t\t\t\t\t\t\t\t<ul><li><strong>\u00a0Solicitud de registro para transporte con su respectivo dep\u00f3sito en las cuentas de la instituci\u00f3n.<\/strong><\/li><li><strong>Inspecci\u00f3n y certificaci\u00f3n sanitaria de las activas conexas (transporte). Forma GTVC-18. Con su respectivo deposito original en las cuentas de la instituci\u00f3n.<\/strong><\/li><li><strong>Fotocopia de la C\u00e9dula de identidad del administrado.<\/strong><\/li><li><strong>\u00a0Fotocopia del RIF del administrado.<\/strong><\/li><li><strong>Constancia de estar registrado en el RIPAC.<\/strong><\/li><li><strong>Permiso sanitario emanado del ministerio del poder popular para la salud.<\/strong><\/li><li><strong>\u00a0Certificaci\u00f3n de registro de veh\u00edculo.<\/strong><\/li><li><strong>Fotos del veh\u00edculo de frente, trasero, laterales y de la cava.<\/strong><\/li><\/ul>\t\t\t\t\t\t\t\t<\/div>\n\t\t\t\t\t<\/div>\n\t\t<\/div>\n\t\t\t\t<div class=\"elementor-column elementor-col-50 elementor-top-column elementor-element elementor-element-451c08a1\" data-id=\"451c08a1\" data-element_type=\"column\" data-settings=\"{&quot;background_background&quot;:&quot;classic&quot;}\">\n\t\t\t<div class=\"elementor-widget-wrap elementor-element-populated\">\n\t\t\t\t\t<div class=\"elementor-background-overlay\"><\/div>\n\t\t\t\t\t\t<div class=\"elementor-element elementor-element-b1e2e38 elementor-widget elementor-widget-image\" data-id=\"b1e2e38\" data-element_type=\"widget\" data-widget_type=\"image.default\">\n\t\t\t\t\t\t\t\t\t\t\t\t\t\t\t<img decoding=\"async\" width=\"270\" height=\"200\" src=\"https:\/\/insopesca.gob.ve\/wp-content\/uploads\/2025\/08\/recaudacion-de-faena.png\" class=\"attachment-full size-full wp-image-198\" alt=\"\" sizes=\"100vw\" \/>\t\t\t\t\t\t\t\t\t\t\t\t\t\t\t<\/div>\n\t\t\t\t<div class=\"elementor-element elementor-element-4c18fc83 elementor-widget elementor-widget-heading\" data-id=\"4c18fc83\" data-element_type=\"widget\" data-widget_type=\"heading.default\">\n\t\t\t\t\t<h2 class=\"elementor-heading-title elementor-size-default\">Requisitos para la emisi\u00f3n de RGT (RGT Jur\u00eddico)<\/h2>\t\t\t\t<\/div>\n\t\t\t\t<div class=\"elementor-element elementor-element-218106eb elementor-widget elementor-widget-text-editor\" data-id=\"218106eb\" data-element_type=\"widget\" data-widget_type=\"text-editor.default\">\n\t\t\t\t\t\t\t\t\t<div class=\"et_pb_blurb_description\"><div class=\"et_pb_blurb_description\"><ul><li><strong>\u00a0Solicitud de registro para transporte con su respectivo dep\u00f3sito en las cuentas de la<\/strong><br \/><strong> Instituci\u00f3n.<\/strong><\/li><li><strong>Inspecci\u00f3n y certificaci\u00f3n sanitaria de las activas conexas (transporte). Forma<\/strong><br \/><strong> GTVC-18. Con su respectivo deposito original en las cuentas de la instituci\u00f3n.<\/strong><\/li><li><strong>Fotocopia de la c\u00e9dula de identidad del administrado.<\/strong><\/li><li><strong>Foto copia del registro mercantil de la empresa.<\/strong><\/li><li><strong>Fotocopia del RIF de la empresa.<\/strong><\/li><li><strong>Constancia de estar registrado en el RIPAC.<\/strong><\/li><li><strong>Permiso sanitario emanado del ministerio del poder popular para la salud.<\/strong><\/li><li><strong>Certificaci\u00f3n de registro de veh\u00edculo.<\/strong><\/li><li><strong>Fotos del veh\u00edculo de frente, trasero, laterales y de la cava.<\/strong><\/li><\/ul><\/div><\/div>\t\t\t\t\t\t\t\t<\/div>\n\t\t\t\t\t<\/div>\n\t\t<\/div>\n\t\t\t\t\t<\/div>\n\t\t<\/section>\n\t\t\t\t<section class=\"elementor-section elementor-top-section elementor-element elementor-element-623e8017 elementor-section-boxed elementor-section-height-default elementor-section-height-default\" data-id=\"623e8017\" data-element_type=\"section\">\n\t\t\t\t\t\t<div class=\"elementor-container elementor-column-gap-default\">\n\t\t\t\t\t<div class=\"elementor-column elementor-col-50 elementor-top-column elementor-element elementor-element-3ab2e703\" data-id=\"3ab2e703\" data-element_type=\"column\" data-settings=\"{&quot;background_background&quot;:&quot;classic&quot;}\">\n\t\t\t<div class=\"elementor-widget-wrap elementor-element-populated\">\n\t\t\t\t\t<div class=\"elementor-background-overlay\"><\/div>\n\t\t\t\t\t\t<div class=\"elementor-element elementor-element-6136bfc elementor-widget elementor-widget-image\" data-id=\"6136bfc\" data-element_type=\"widget\" data-widget_type=\"image.default\">\n\t\t\t\t\t\t\t\t\t\t\t\t\t\t\t<img fetchpriority=\"high\" decoding=\"async\" width=\"270\" height=\"200\" src=\"https:\/\/insopesca.gob.ve\/wp-content\/uploads\/2025\/08\/requisitos-personales-de-trabajo.png\" class=\"attachment-full size-full wp-image-202\" alt=\"\" sizes=\"100vw\" \/>\t\t\t\t\t\t\t\t\t\t\t\t\t\t\t<\/div>\n\t\t\t\t<div class=\"elementor-element elementor-element-6472d4ba elementor-widget elementor-widget-heading\" data-id=\"6472d4ba\" data-element_type=\"widget\" data-widget_type=\"heading.default\">\n\t\t\t\t\t<h2 class=\"elementor-heading-title elementor-size-default\">Requisitos para la emisi\u00f3n de RGT (RGT Fluvial o Maritimo)<\/h2>\t\t\t\t<\/div>\n\t\t\t\t<div class=\"elementor-element elementor-element-4234177a elementor-widget elementor-widget-text-editor\" data-id=\"4234177a\" data-element_type=\"widget\" data-widget_type=\"text-editor.default\">\n\t\t\t\t\t\t\t\t\t<div class=\"et_pb_blurb_description\"><div class=\"et_pb_blurb_description\"><ul><li><strong>Solicitud de registro para transporte con su respectivo dep\u00f3sito en las cuentas de<\/strong><br \/><strong> la instituci\u00f3n.<\/strong><\/li><li><strong>Inspecci\u00f3n y certificaci\u00f3n sanitaria de las activas conexas (transporte). Forma<\/strong><br \/><strong> GTVC-18. Con su respectivo deposito original en las cuentas de la instituci\u00f3n.<\/strong><\/li><li><strong>Fotocopia de la cedula de identidad del administrado.<\/strong><\/li><li><strong>Fotocopia del Rif del administrado.<\/strong><\/li><li><strong>Constancia de estar registrado en el RIPAC.<\/strong><\/li><li><strong>Permiso sanitario emanado del ministerio del poder popular para la salud.<\/strong><\/li><li><strong>Certificado nacional de arqueo emitida por el instituto nacional de los espacios<\/strong><br \/><strong> acu\u00e1ticos. (INEA)<\/strong><\/li><li><strong>Licencia de navegaci\u00f3n emitida por el instituto nacional de los espacios acu\u00e1ticos. (INEA)<\/strong><\/li><li><strong>Fotos de la embarcaci\u00f3n<\/strong><\/li><\/ul><\/div><\/div>\t\t\t\t\t\t\t\t<\/div>\n\t\t\t\t\t<\/div>\n\t\t<\/div>\n\t\t\t\t<div class=\"elementor-column elementor-col-50 elementor-top-column elementor-element elementor-element-d74ea82\" data-id=\"d74ea82\" data-element_type=\"column\" data-settings=\"{&quot;background_background&quot;:&quot;classic&quot;}\">\n\t\t\t<div class=\"elementor-widget-wrap elementor-element-populated\">\n\t\t\t\t\t<div class=\"elementor-background-overlay\"><\/div>\n\t\t\t\t\t\t<div class=\"elementor-element elementor-element-5e58098 elementor-widget elementor-widget-image\" data-id=\"5e58098\" data-element_type=\"widget\" data-widget_type=\"image.default\">\n\t\t\t\t\t\t\t\t\t\t\t\t\t\t\t<img decoding=\"async\" width=\"270\" height=\"200\" src=\"https:\/\/insopesca.gob.ve\/wp-content\/uploads\/2025\/08\/guia-de-movilizacion.png\" class=\"attachment-full size-full wp-image-193\" alt=\"\" sizes=\"100vw\" \/>\t\t\t\t\t\t\t\t\t\t\t\t\t\t\t<\/div>\n\t\t\t\t<div class=\"elementor-element elementor-element-8551442 elementor-widget elementor-widget-heading\" data-id=\"8551442\" data-element_type=\"widget\" data-widget_type=\"heading.default\">\n\t\t\t\t\t<h2 class=\"elementor-heading-title elementor-size-default\">Gu\u00eda de movilizac\u00edon<\/h2>\t\t\t\t<\/div>\n\t\t\t\t<div class=\"elementor-element elementor-element-3b3c097a elementor-widget elementor-widget-text-editor\" data-id=\"3b3c097a\" data-element_type=\"widget\" data-widget_type=\"text-editor.default\">\n\t\t\t\t\t\t\t\t\t<div class=\"et_pb_blurb_description\"><div class=\"et_pb_blurb_description\"><ul><li><strong>Colocar datos del transportista\/veh\u00edculo\/buque:<\/strong><br \/><strong> Apellido y Nombre\/Nombre de la Empresa<\/strong><br \/><strong> C.I\/RIF<\/strong><br \/><strong> Tel\u00e9fono<\/strong><br \/><strong> Contenedor<\/strong><br \/><strong> Tipo de veh\u00edculo<\/strong><br \/><strong> Placa<\/strong><br \/><strong> Marca y Modelo<\/strong><br \/><strong> Registro General de Transporte (R.G.T)<\/strong><br \/><strong> Fecha de Expedici\u00f3n<\/strong><\/li><li><strong>Colocar datos correspondientes al producto pesquero:<\/strong><br \/><strong> Lugar de Origen (ESPECIFICAR LUGAR O PARROQUIA DE DONDE SE GENERA LA GU\u00cdA)<\/strong><br \/><strong> Lugar de Destino (ESPECIFICAR DESTINO EXACTO AL CUAL LLEGAR\u00c1 LA GU\u00cdA DE MOVILIZACI\u00d3N)<\/strong><br \/><strong> Especie<\/strong><br \/><strong> Kilogramos (TOTALES)<\/strong><br \/><strong> Bs.D (TOTALES)<\/strong><\/li><\/ul><\/div><\/div>\t\t\t\t\t\t\t\t<\/div>\n\t\t\t\t\t<\/div>\n\t\t<\/div>\n\t\t\t\t\t<\/div>\n\t\t<\/section>\n\t\t\t\t<\/div>\n\t\t","protected":false},"excerpt":{"rendered":"<p>Requisitos para la emisi\u00f3n de RGT (RGT Personal) \u00a0Solicitud de registro para transporte con su respectivo dep\u00f3sito en las cuentas de la instituci\u00f3n. Inspecci\u00f3n y certificaci\u00f3n sanitaria de las activas conexas (transporte). Forma GTVC-18. Con su respectivo deposito original en las cuentas de la instituci\u00f3n. Fotocopia de la C\u00e9dula de identidad del administrado. \u00a0Fotocopia del &hellip; <\/p>\n<p class=\"link-more\"><a href=\"https:\/\/insopesca.gob.ve\/?page_id=248\" class=\"more-link\">Leer m\u00e1s<span class=\"screen-reader-text\"> \u00abPermisos y Certificados\u00bb<\/span><\/a><\/p>\n","protected":false},"author":1,"featured_media":0,"parent":0,"menu_order":0,"comment_status":"closed","ping_status":"closed","template":"","meta":{"footnotes":""},"class_list":["post-248","page","type-page","status-publish","hentry"],"featured_media_urls":[],"_links":{"self":[{"href":"https:\/\/insopesca.gob.ve\/index.php?rest_route=\/wp\/v2\/pages\/248","targetHints":{"allow":["GET"]}}],"collection":[{"href":"https:\/\/insopesca.gob.ve\/index.php?rest_route=\/wp\/v2\/pages"}],"about":[{"href":"https:\/\/insopesca.gob.ve\/index.php?rest_route=\/wp\/v2\/types\/page"}],"author":[{"embeddable":true,"href":"https:\/\/insopesca.gob.ve\/index.php?rest_route=\/wp\/v2\/users\/1"}],"replies":[{"embeddable":true,"href":"https:\/\/insopesca.gob.ve\/index.php?rest_route=%2Fwp%2Fv2%2Fcomments&post=248"}],"version-history":[{"count":34,"href":"https:\/\/insopesca.gob.ve\/index.php?rest_route=\/wp\/v2\/pages\/248\/revisions"}],"predecessor-version":[{"id":1577,"href":"https:\/\/insopesca.gob.ve\/index.php?rest_route=\/wp\/v2\/pages\/248\/revisions\/1577"}],"wp:attachment":[{"href":"https:\/\/insopesca.gob.ve\/index.php?rest_route=%2Fwp%2Fv2%2Fmedia&parent=248"}],"curies":[{"name":"wp","href":"https:\/\/api.w.org\/{rel}","templated":true}]}}