{"id":263,"date":"2025-09-02T18:18:33","date_gmt":"2025-09-02T22:18:33","guid":{"rendered":"http:\/\/porta.insopesca.gob.ve\/?page_id=263"},"modified":"2025-11-17T16:04:02","modified_gmt":"2025-11-17T20:04:02","slug":"contactanos","status":"publish","type":"page","link":"https:\/\/insopesca.gob.ve\/?page_id=263","title":{"rendered":"Cont\u00e1ctanos"},"content":{"rendered":"\t\t<div data-elementor-type=\"wp-page\" data-elementor-id=\"263\" class=\"elementor elementor-263\">\n\t\t\t\t\t\t<section class=\"elementor-section elementor-top-section elementor-element elementor-element-1acc7179 elementor-section-boxed elementor-section-height-default elementor-section-height-default\" data-id=\"1acc7179\" data-element_type=\"section\">\n\t\t\t\t\t\t<div class=\"elementor-container elementor-column-gap-default\">\n\t\t\t\t\t\t<\/div>\n\t\t<\/section>\n\t\t\t\t<section class=\"elementor-section elementor-top-section elementor-element elementor-element-4a6f208e elementor-section-boxed elementor-section-height-default elementor-section-height-default\" data-id=\"4a6f208e\" data-element_type=\"section\">\n\t\t\t\t\t\t<div class=\"elementor-container elementor-column-gap-wider\">\n\t\t\t\t\t<div class=\"elementor-column elementor-col-50 elementor-top-column elementor-element elementor-element-51f97611\" data-id=\"51f97611\" data-element_type=\"column\">\n\t\t\t<div class=\"elementor-widget-wrap elementor-element-populated\">\n\t\t\t\t\t\t<div class=\"elementor-element elementor-element-4d7c4c8 elementor-widget elementor-widget-image\" data-id=\"4d7c4c8\" data-element_type=\"widget\" data-widget_type=\"image.default\">\n\t\t\t\t\t\t\t\t\t\t\t\t\t\t\t<img decoding=\"async\" src=\"https:\/\/insopesca.gob.ve\/wp-content\/uploads\/2025\/08\/Torre-800x800.jpg\" title=\"Torre\" alt=\"Torre\" loading=\"lazy\" \/>\t\t\t\t\t\t\t\t\t\t\t\t\t\t\t<\/div>\n\t\t\t\t<section class=\"elementor-section elementor-inner-section elementor-element elementor-element-612e88ad elementor-section-boxed elementor-section-height-default elementor-section-height-default\" data-id=\"612e88ad\" data-element_type=\"section\">\n\t\t\t\t\t\t<div class=\"elementor-container elementor-column-gap-no\">\n\t\t\t\t\t<div class=\"elementor-column elementor-col-50 elementor-inner-column elementor-element elementor-element-7e54936e\" data-id=\"7e54936e\" data-element_type=\"column\">\n\t\t\t<div class=\"elementor-widget-wrap elementor-element-populated\">\n\t\t\t\t\t\t<div class=\"elementor-element elementor-element-1d6f3f59 elementor-widget elementor-widget-text-editor\" data-id=\"1d6f3f59\" data-element_type=\"widget\" data-widget_type=\"text-editor.default\">\n\t\t\t\t\t\t\t\t\t<h4>Horario<\/h4>\nTrabajamos de Lunes a Viernes\n8:00 am &#8211; 4:00pm\t\t\t\t\t\t\t\t<\/div>\n\t\t\t\t\t<\/div>\n\t\t<\/div>\n\t\t\t\t<div class=\"elementor-column elementor-col-50 elementor-inner-column elementor-element elementor-element-71ef964b\" data-id=\"71ef964b\" data-element_type=\"column\">\n\t\t\t<div class=\"elementor-widget-wrap elementor-element-populated\">\n\t\t\t\t\t\t<div class=\"elementor-element elementor-element-281739ff elementor-widget elementor-widget-text-editor\" data-id=\"281739ff\" data-element_type=\"widget\" data-widget_type=\"text-editor.default\">\n\t\t\t\t\t\t\t\t\t<h4>\u00bfQuieres comunicarte con nosotros?<\/h4><p><a href=\"mailto:desarrollo@insopesca.gob.ve\">oac@insopesca.gob.ve<\/a><\/p>\t\t\t\t\t\t\t\t<\/div>\n\t\t\t\t\t<\/div>\n\t\t<\/div>\n\t\t\t\t\t<\/div>\n\t\t<\/section>\n\t\t\t\t\t<\/div>\n\t\t<\/div>\n\t\t\t\t<div class=\"elementor-column elementor-col-50 elementor-top-column elementor-element elementor-element-2ddda5ef\" data-id=\"2ddda5ef\" data-element_type=\"column\">\n\t\t\t<div class=\"elementor-widget-wrap elementor-element-populated\">\n\t\t\t\t\t\t<div class=\"elementor-element elementor-element-6b417d10 elementor-widget elementor-widget-heading\" data-id=\"6b417d10\" data-element_type=\"widget\" data-widget_type=\"heading.default\">\n\t\t\t\t\t<h2 class=\"elementor-heading-title elementor-size-default\">Sobre Parque Central<\/h2>\t\t\t\t<\/div>\n\t\t\t\t<div class=\"elementor-element elementor-element-d763459 elementor-widget elementor-widget-text-editor\" data-id=\"d763459\" data-element_type=\"widget\" data-widget_type=\"text-editor.default\">\n\t\t\t\t\t\t\t\t\t<p><strong>Avenida Lecuna, Torre Este Parque Central, piso 12,13 y 14, Caracas, 1015, Distrito Capital<\/strong><\/p><p><strong>El Complejo Urban\u00edstico Parque Central es un emblem\u00e1tico desarrollo arquitect\u00f3nico ubicado en el coraz\u00f3n de Caracas, Venezuela. Este complejo es un \u00edcono de la ciudad, reconocido por sus imponentes torres gemelas, que por mucho tiempo fueron las m\u00e1s altas de Am\u00e9rica Latina.<\/strong><\/p>\t\t\t\t\t\t\t\t<\/div>\n\t\t\t\t\t<\/div>\n\t\t<\/div>\n\t\t\t\t\t<\/div>\n\t\t<\/section>\n\t\t\t\t<section class=\"elementor-section elementor-top-section elementor-element elementor-element-1b503302 elementor-section-boxed elementor-section-height-default elementor-section-height-default\" data-id=\"1b503302\" data-element_type=\"section\">\n\t\t\t\t\t\t<div class=\"elementor-container elementor-column-gap-default\">\n\t\t\t\t\t\t<\/div>\n\t\t<\/section>\n\t\t\t\t<section class=\"elementor-section elementor-top-section elementor-element elementor-element-6a840f7b elementor-section-full_width elementor-section-height-default elementor-section-height-default\" data-id=\"6a840f7b\" data-element_type=\"section\" data-settings=\"{&quot;background_background&quot;:&quot;classic&quot;}\">\n\t\t\t\t\t\t<div class=\"elementor-container elementor-column-gap-default\">\n\t\t\t\t\t<div class=\"elementor-column elementor-col-100 elementor-top-column elementor-element elementor-element-7b890bf2\" data-id=\"7b890bf2\" data-element_type=\"column\" data-settings=\"{&quot;background_background&quot;:&quot;classic&quot;}\">\n\t\t\t<div class=\"elementor-widget-wrap elementor-element-populated\">\n\t\t\t\t\t\t<div class=\"elementor-element elementor-element-42082adc elementor-widget elementor-widget-heading\" data-id=\"42082adc\" data-element_type=\"widget\" data-widget_type=\"heading.default\">\n\t\t\t\t\t<h2 class=\"elementor-heading-title elementor-size-default\">UBICACI\u00d3N<\/h2>\t\t\t\t<\/div>\n\t\t\t\t<div class=\"elementor-element elementor-element-42557310 elementor-widget-tablet__width-inherit elementor-widget-mobile__width-inherit elementor-widget elementor-widget-text-editor\" data-id=\"42557310\" data-element_type=\"widget\" data-widget_type=\"text-editor.default\">\n\t\t\t\t\t\t\t\t\t<p><em>PARQUE CENTRAL, TORRE ESTE, PISO 12, 13 Y 14<\/em><\/p>\t\t\t\t\t\t\t\t<\/div>\n\t\t\t\t<div class=\"elementor-element elementor-element-13d7b151 elementor-widget elementor-widget-google_maps\" data-id=\"13d7b151\" data-element_type=\"widget\" data-widget_type=\"google_maps.default\">\n\t\t\t\t\t\t\t<div class=\"elementor-custom-embed\">\n\t\t\t<iframe loading=\"lazy\"\n\t\t\t\t\tsrc=\"https:\/\/maps.google.com\/maps?q=insopesca&#038;t=m&#038;z=18&#038;output=embed&#038;iwloc=near\"\n\t\t\t\t\ttitle=\"insopesca\"\n\t\t\t\t\taria-label=\"insopesca\"\n\t\t\t><\/iframe>\n\t\t<\/div>\n\t\t\t\t\t\t<\/div>\n\t\t\t\t\t<\/div>\n\t\t<\/div>\n\t\t\t\t\t<\/div>\n\t\t<\/section>\n\t\t<div class=\"elementor-element elementor-element-22fa147 e-flex e-con-boxed e-con e-parent\" data-id=\"22fa147\" data-element_type=\"container\">\n\t\t\t\t\t<div class=\"e-con-inner\">\n\t\t\t\t<div class=\"elementor-element elementor-element-0a75c25 elementor-widget elementor-widget-spacer\" data-id=\"0a75c25\" data-element_type=\"widget\" data-widget_type=\"spacer.default\">\n\t\t\t\t\t\t\t<div class=\"elementor-spacer\">\n\t\t\t<div class=\"elementor-spacer-inner\"><\/div>\n\t\t<\/div>\n\t\t\t\t\t\t<\/div>\n\t\t\t\t\t<\/div>\n\t\t\t\t<\/div>\n\t\t\t\t<\/div>\n\t\t","protected":false},"excerpt":{"rendered":"<p>Horario Trabajamos de Lunes a Viernes 8:00 am &#8211; 4:00pm \u00bfQuieres comunicarte con nosotros? oac@insopesca.gob.ve Sobre Parque Central Avenida Lecuna, Torre Este Parque Central, piso 12,13 y 14, Caracas, 1015, Distrito Capital El Complejo Urban\u00edstico Parque Central es un emblem\u00e1tico desarrollo arquitect\u00f3nico ubicado en el coraz\u00f3n de Caracas, Venezuela. Este complejo es un \u00edcono de &hellip; <\/p>\n<p class=\"link-more\"><a href=\"https:\/\/insopesca.gob.ve\/?page_id=263\" class=\"more-link\">Leer m\u00e1s<span class=\"screen-reader-text\"> \u00abCont\u00e1ctanos\u00bb<\/span><\/a><\/p>\n","protected":false},"author":1,"featured_media":0,"parent":0,"menu_order":0,"comment_status":"closed","ping_status":"closed","template":"","meta":{"footnotes":""},"class_list":["post-263","page","type-page","status-publish","hentry"],"featured_media_urls":[],"_links":{"self":[{"href":"https:\/\/insopesca.gob.ve\/index.php?rest_route=\/wp\/v2\/pages\/263","targetHints":{"allow":["GET"]}}],"collection":[{"href":"https:\/\/insopesca.gob.ve\/index.php?rest_route=\/wp\/v2\/pages"}],"about":[{"href":"https:\/\/insopesca.gob.ve\/index.php?rest_route=\/wp\/v2\/types\/page"}],"author":[{"embeddable":true,"href":"https:\/\/insopesca.gob.ve\/index.php?rest_route=\/wp\/v2\/users\/1"}],"replies":[{"embeddable":true,"href":"https:\/\/insopesca.gob.ve\/index.php?rest_route=%2Fwp%2Fv2%2Fcomments&post=263"}],"version-history":[{"count":55,"href":"https:\/\/insopesca.gob.ve\/index.php?rest_route=\/wp\/v2\/pages\/263\/revisions"}],"predecessor-version":[{"id":1483,"href":"https:\/\/insopesca.gob.ve\/index.php?rest_route=\/wp\/v2\/pages\/263\/revisions\/1483"}],"wp:attachment":[{"href":"https:\/\/insopesca.gob.ve\/index.php?rest_route=%2Fwp%2Fv2%2Fmedia&parent=263"}],"curies":[{"name":"wp","href":"https:\/\/api.w.org\/{rel}","templated":true}]}}