{"id":978,"date":"2025-09-18T11:40:34","date_gmt":"2025-09-18T15:40:34","guid":{"rendered":"http:\/\/porta.insopesca.gob.ve\/?page_id=978"},"modified":"2025-11-28T15:14:26","modified_gmt":"2025-11-28T19:14:26","slug":"elementor-978","status":"publish","type":"page","link":"https:\/\/insopesca.gob.ve\/?page_id=978","title":{"rendered":"Recaudos tr\u00e1mites acuicultura"},"content":{"rendered":"\t\t<div data-elementor-type=\"wp-page\" data-elementor-id=\"978\" class=\"elementor elementor-978\">\n\t\t\t\t\t\t<section class=\"elementor-section elementor-top-section elementor-element elementor-element-66957c46 elementor-section-boxed elementor-section-height-default elementor-section-height-default\" data-id=\"66957c46\" data-element_type=\"section\" data-settings=\"{&quot;background_background&quot;:&quot;classic&quot;}\">\n\t\t\t\t\t\t<div class=\"elementor-container elementor-column-gap-default\">\n\t\t\t\t\t<div class=\"elementor-column elementor-col-100 elementor-top-column elementor-element elementor-element-7f064869\" data-id=\"7f064869\" data-element_type=\"column\">\n\t\t\t<div class=\"elementor-widget-wrap elementor-element-populated\">\n\t\t\t\t\t\t\t<\/div>\n\t\t<\/div>\n\t\t\t\t\t<\/div>\n\t\t<\/section>\n\t\t\t\t<section class=\"elementor-section elementor-top-section elementor-element elementor-element-68c4b3ac elementor-section-boxed elementor-section-height-default elementor-section-height-default\" data-id=\"68c4b3ac\" data-element_type=\"section\">\n\t\t\t\t\t\t<div class=\"elementor-container elementor-column-gap-default\">\n\t\t\t\t\t<div class=\"elementor-column elementor-col-50 elementor-top-column elementor-element elementor-element-5e903eb5\" data-id=\"5e903eb5\" data-element_type=\"column\" data-settings=\"{&quot;background_background&quot;:&quot;classic&quot;}\">\n\t\t\t<div class=\"elementor-widget-wrap elementor-element-populated\">\n\t\t\t\t\t<div class=\"elementor-background-overlay\"><\/div>\n\t\t\t\t\t\t<div class=\"elementor-element elementor-element-94c838c elementor-widget elementor-widget-heading\" data-id=\"94c838c\" data-element_type=\"widget\" data-widget_type=\"heading.default\">\n\t\t\t\t\t<h2 class=\"elementor-heading-title elementor-size-default\">Registro Acu\u00edcola<\/h2>\t\t\t\t<\/div>\n\t\t\t\t<div class=\"elementor-element elementor-element-462e321 elementor-widget elementor-widget-text-editor\" data-id=\"462e321\" data-element_type=\"widget\" data-widget_type=\"text-editor.default\">\n\t\t\t\t\t\t\t\t\t<ul><li><strong>Planilla solicitud acu\u00edcola.<\/strong><\/li><li><strong>Fotocopia de la cedula de identidad del representante legal.<\/strong><\/li><li><strong>Fotocopia del RIF (vigente).<\/strong><\/li><li><strong>Copia del documento del titularidad o tenencia de la tierra (carta agraria, <\/strong><strong>adjudicaci\u00f3n temporal o permanente, declaratoria de garant\u00edas de garant\u00edas de <\/strong><strong>permanencia y documento de compra venta en terrenos privados, donde se <\/strong><strong>demuestre la tradici\u00f3n legal o cadena sucesorial).<\/strong><\/li><li><strong>Inspecci\u00f3n t\u00e9cnica<\/strong><\/li><li><strong>Plano de la unidad de producci\u00f3n (opcional).<\/strong><\/li><li><strong>Solicitud de las autorizaciones de ocupaci\u00f3n del territorio (AOT) y afectaci\u00f3n de los <\/strong><strong>recursos naturales (ARRN) ante ambiente (opcional).<\/strong><\/li><li><strong>Copia del comprobante de dep\u00f3sito bancario por pago de inspecci\u00f3n a las <\/strong><strong>instalaciones (tasas aplicables conforme al art\u00edculo 29 numeral 40 de la Ley de <\/strong><strong>Pesca y Acuicultura).<\/strong><\/li><li><strong>Anexar las coordenadas de la unidad de producci\u00f3n.<\/strong><\/li><\/ul>\t\t\t\t\t\t\t\t<\/div>\n\t\t\t\t\t<\/div>\n\t\t<\/div>\n\t\t\t\t<div class=\"elementor-column elementor-col-50 elementor-top-column elementor-element elementor-element-1e7f09ed\" data-id=\"1e7f09ed\" data-element_type=\"column\" data-settings=\"{&quot;background_background&quot;:&quot;classic&quot;}\">\n\t\t\t<div class=\"elementor-widget-wrap elementor-element-populated\">\n\t\t\t\t\t<div class=\"elementor-background-overlay\"><\/div>\n\t\t\t\t\t\t<div class=\"elementor-element elementor-element-14071be elementor-widget elementor-widget-heading\" data-id=\"14071be\" data-element_type=\"widget\" data-widget_type=\"heading.default\">\n\t\t\t\t\t<h2 class=\"elementor-heading-title elementor-size-default\">Tramitaci\u00f3n del visto bueno t\u00e9cnico para la evaluaci\u00f3n de los proyectos de\nacuicultura<\/h2>\t\t\t\t<\/div>\n\t\t\t\t<div class=\"elementor-element elementor-element-4a12bd96 elementor-widget__width-initial elementor-widget elementor-widget-text-editor\" data-id=\"4a12bd96\" data-element_type=\"widget\" data-widget_type=\"text-editor.default\">\n\t\t\t\t\t\t\t\t\t<ul><li><strong>Proyecto elaborado de acuerdo a la gu\u00eda de formulaci\u00f3n de proyectos acu\u00edcolas (Disponible en las oficinas regionales del Insopesca y en la p\u00e1gina web).<\/strong><\/li><li><strong>Copia del documento de titularidad o tenencia de la tierra (carta agraria, adjudicaci\u00f3n temporal o permanente, declaratoria de garant\u00edas de permanencia y documento de compra vente en terrenos privados, donde se demuestre la tradici\u00f3n legal o cadena sucesorial).<\/strong><\/li><li><strong>Copia de cedula de identidad del representante legal.<\/strong><\/li><li><strong>Copia del acta constitutiva de la cooperativa, asociaci\u00f3n civil o compa\u00f1\u00eda debidamente registrada.<\/strong><\/li><li><strong>Copia del Registro de Informaci\u00f3n Fiscal (RIF) vigente.<\/strong><\/li><li><strong>Planilla de inspecci\u00f3n t\u00e9cnica con su informe realizada por el personal del INSOPESCA (Original).<\/strong><\/li><li><strong>Copia de la solicitud para la autorizaci\u00f3n de ocupaci\u00f3n del territorio (AOT) realizada ante el organismo competente firmada como recibida por el organismo competente.<\/strong><\/li><li><strong>Copia de la solicitud para la autorizaci\u00f3n de la afectaci\u00f3n de los recursos naturales (AARN) y\/o conformidad de uso realizada ante el Ministerio del Poder Popular para<\/strong><br \/><strong>el Ecosocialismo (MINEC) firmada como recibida 1.<\/strong><\/li><li><strong>Copia de la autorizaci\u00f3n para la construcci\u00f3n de pozos, emitida por el Ministerio del Poder Popular para el Ecosocialismo (MINEC) en caso que se realice la perforaci\u00f3n de pozos.<\/strong><ul><li><strong>An\u00e1lisis del agua<\/strong><\/li><li><strong>An\u00e1lisis del suelo<\/strong><\/li><\/ul><\/li><li><strong>EN CASO DE:<\/strong><ul><li><strong>Cooperativas, presentar registro ante el SUNACOOP y certificado de cumplimiento<\/strong><br \/><strong>(Art. 90 de la Ley de Asociaciones Cooperativas).<\/strong><\/li><li><strong>\u00a0Granjas o laboratorios camaroneros, anexar extracto del estudio de impacto ambiental.<\/strong><\/li><li><strong>Solicitud de cr\u00e9dito ante FONDAS, BAV, etc. Consignar cotizaciones originales de las inversiones a realizar actualizadas y en BsD.<\/strong><\/li><li><strong>Proyecto a ser desarrollado en un \u00c1rea Bajo R\u00e9gimen de Administraci\u00f3n Especial (ABRAE), presenta autorizaci\u00f3n otorgada por el Instituto Nacional de Tierras (INTI)<\/strong><br \/><strong>para tramitar ante el MINEC la AARN.<\/strong><\/li><li><strong>Cultivo de tilapia, se debe tramitar ante el Ministerio del Poder Popular para el Ecosocialismo (MINEC) la autorizaci\u00f3n para el cultivo de especies ex\u00f3ticas.<\/strong><\/li><\/ul><\/li><\/ul>\t\t\t\t\t\t\t\t<\/div>\n\t\t\t\t\t<\/div>\n\t\t<\/div>\n\t\t\t\t\t<\/div>\n\t\t<\/section>\n\t\t\t\t<section class=\"elementor-section elementor-top-section elementor-element elementor-element-98e350e elementor-section-boxed elementor-section-height-default elementor-section-height-default\" data-id=\"98e350e\" data-element_type=\"section\">\n\t\t\t\t\t\t<div class=\"elementor-container elementor-column-gap-default\">\n\t\t\t\t\t<div class=\"elementor-column elementor-col-50 elementor-top-column elementor-element elementor-element-cbf5bc7\" data-id=\"cbf5bc7\" data-element_type=\"column\" data-settings=\"{&quot;background_background&quot;:&quot;classic&quot;}\">\n\t\t\t<div class=\"elementor-widget-wrap elementor-element-populated\">\n\t\t\t\t\t<div class=\"elementor-background-overlay\"><\/div>\n\t\t\t\t\t\t<div class=\"elementor-element elementor-element-882d21b elementor-widget elementor-widget-heading\" data-id=\"882d21b\" data-element_type=\"widget\" data-widget_type=\"heading.default\">\n\t\t\t\t\t<h2 class=\"elementor-heading-title elementor-size-default\">Permiso de unidades de producci\u00f3n acu\u00edcola (con visto bueno t\u00e9cnico)<\/h2>\t\t\t\t<\/div>\n\t\t\t\t<div class=\"elementor-element elementor-element-fe3fd97 elementor-widget elementor-widget-text-editor\" data-id=\"fe3fd97\" data-element_type=\"widget\" data-widget_type=\"text-editor.default\">\n\t\t\t\t\t\t\t\t\t<ul><li><strong>Planilla de solicitud de permiso de empresa (puede ser retirada en las oficinas regionales del INSOPESCA y en la p\u00e1gina web 172.16.3.63\/PAGINAWEB)<\/strong><\/li><li><strong>Autorizaci\u00f3n de ocupaci\u00f3n del territorio (AOT) otorgada por el organismo competente.<\/strong><\/li><li><strong>Autorizaci\u00f3n de afectaci\u00f3n de los recursos naturales (AARN) y\/o conformidad de uso emitido por el MINEC (copia, presentar original en la oficina regional del<\/strong><br \/><strong>INSOPESCA para confirmar).<\/strong><\/li><li><strong>Copia del comprobante de dep\u00f3sito bancario por pago de inspecci\u00f3n a las instalaciones (tasas aplicables conforme al art\u00edculo 29 numeral 40 de la ley de pesca<\/strong><br \/><strong>y acuicultura).<\/strong><\/li><li><strong>Comprobante de dep\u00f3sito bancario por pago de permiso de acuicultura, seg\u00fan art. 29 numerales del 31 al 40 seg\u00fan sea el caso de la ley de pesca y acuicultura.<\/strong><\/li><li><strong>Planilla de inspecci\u00f3n t\u00e9cnica con su informe realizado por el personal del INSOPESCA (original).<\/strong><\/li><li><strong>Planilla solicitud acu\u00edcola.<\/strong><\/li><li><strong>Fotocopia de la cedula de identidad del representante legal.<\/strong><\/li><li><strong>Fotocopia del RIF (vigente).<\/strong><\/li><li><strong>Copia del documento del titularidad o tenencia de la tierra (carta agraria, adjudicaci\u00f3n temporal o permanente, declaratoria de garant\u00edas de garant\u00edas de permanencia y documento de compra venta en terrenos privados, donde se demuestre la tradici\u00f3n legal o cadena sucesorial).<\/strong><\/li><li><strong>Inspecci\u00f3n t\u00e9cnica Plano de la unidad de producci\u00f3n (opcional).<\/strong><\/li><li><strong>Solicitud de las autorizaciones de ocupaci\u00f3n del territorio (AOT) y afectaci\u00f3n de los recursos naturales (ARRN) ante ambiente (opcional).<\/strong><\/li><li><strong>Copia del comprobante de dep\u00f3sito bancario por pago de inspecci\u00f3n a las instalaciones (tasas aplicables conforme al art\u00edculo 29 numeral 40 de la Ley de Pesca y Acuicultura).<\/strong><\/li><li><strong>Anexar las coordenadas de la unidad de producci\u00f3n.<\/strong><\/li><\/ul>\t\t\t\t\t\t\t\t<\/div>\n\t\t\t\t\t<\/div>\n\t\t<\/div>\n\t\t\t\t<div class=\"elementor-column elementor-col-50 elementor-top-column elementor-element elementor-element-a86971a\" data-id=\"a86971a\" data-element_type=\"column\" data-settings=\"{&quot;background_background&quot;:&quot;classic&quot;}\">\n\t\t\t<div class=\"elementor-widget-wrap elementor-element-populated\">\n\t\t\t\t\t<div class=\"elementor-background-overlay\"><\/div>\n\t\t\t\t\t\t<div class=\"elementor-element elementor-element-1c2bcc6 elementor-widget elementor-widget-heading\" data-id=\"1c2bcc6\" data-element_type=\"widget\" data-widget_type=\"heading.default\">\n\t\t\t\t\t<h2 class=\"elementor-heading-title elementor-size-default\">Renovaci\u00f3n de permiso de unidades de producci\u00f3n acu\u00edcola<\/h2>\t\t\t\t<\/div>\n\t\t\t\t<div class=\"elementor-element elementor-element-d0d918c elementor-widget__width-initial elementor-widget elementor-widget-text-editor\" data-id=\"d0d918c\" data-element_type=\"widget\" data-widget_type=\"text-editor.default\">\n\t\t\t\t\t\t\t\t\t<ul><li><strong>Planilla de solicitud de permiso de empresa (puede ser retirada en las oficinas regionales del INSOPESCA y en la p\u00e1gina web 172.16.3.63\/PAGINAWEB)<\/strong><\/li><li><strong>Copia de cedula de identidad del representante legal vigente.<\/strong><\/li><li><strong>En caso de modificaci\u00f3n en los estatutos originales de la cooperativa, asociaci\u00f3n civil o empresa: copia de la \u00faltima modificaci\u00f3n del acta constitutiva debidamente registrada.<\/strong><\/li><li><strong>Copia del registro de informaci\u00f3n fiscal (RIF) vigente.<\/strong><\/li><li><strong>\u00daltimo reporte de producci\u00f3n semestral en el formato consignado por INSOPESCA firmado y sellado por el inspector.<\/strong><\/li><li><strong>Planilla de inspecci\u00f3n t\u00e9cnica con su informe realizada por el personal del INSOPESCA (original).<\/strong><\/li><li><strong>Copia del comprobante de dep\u00f3sito bancario por pago de inspecci\u00f3n a las instalaciones (tasas aplicables conforme al art. 29 numeral 40 de la ley de pesca y<\/strong><br \/><strong>acuicultura).<\/strong><\/li><li><strong>Comprobante de dep\u00f3sito bancario por pago de permiso de acuicultura, seg\u00fan el art. 29 numerales del 31 al 40 seg\u00fan sea el caso, ley de pesca y acuicultura.<\/strong><\/li><li><strong>EN CASO DE REQUERIR CAMBIO DE REPRESENTANTE LEGAL, CONSIGNAR:<\/strong><ul><li><strong>Oficio administrativo solicitando el cambio de representante legal.<\/strong><\/li><li><strong>Copia de la cedula de identidad del nuevo representante legal.<\/strong><\/li><li><strong>Si es personal natural, presentar copia del registro de informaci\u00f3n fiscal (RIF)<\/strong><br \/><strong>vigente.<\/strong><\/li><\/ul><\/li><\/ul>\t\t\t\t\t\t\t\t<\/div>\n\t\t\t\t\t<\/div>\n\t\t<\/div>\n\t\t\t\t\t<\/div>\n\t\t<\/section>\n\t\t\t\t<section class=\"elementor-section elementor-top-section elementor-element elementor-element-b03ece3 elementor-section-boxed elementor-section-height-default elementor-section-height-default\" data-id=\"b03ece3\" data-element_type=\"section\">\n\t\t\t\t\t\t<div class=\"elementor-container elementor-column-gap-default\">\n\t\t\t\t\t<div class=\"elementor-column elementor-col-50 elementor-top-column elementor-element elementor-element-b26c847\" data-id=\"b26c847\" data-element_type=\"column\" data-settings=\"{&quot;background_background&quot;:&quot;classic&quot;}\">\n\t\t\t<div class=\"elementor-widget-wrap elementor-element-populated\">\n\t\t\t\t\t<div class=\"elementor-background-overlay\"><\/div>\n\t\t\t\t\t\t<div class=\"elementor-element elementor-element-7864e2f elementor-widget elementor-widget-heading\" data-id=\"7864e2f\" data-element_type=\"widget\" data-widget_type=\"heading.default\">\n\t\t\t\t\t<h2 class=\"elementor-heading-title elementor-size-default\">Tramitaci\u00f3n de permisos para comercializadoras de especies hidrobiol\u00f3gicas\nornamentales<\/h2>\t\t\t\t<\/div>\n\t\t\t\t<div class=\"elementor-element elementor-element-695bbb4 elementor-widget elementor-widget-text-editor\" data-id=\"695bbb4\" data-element_type=\"widget\" data-widget_type=\"text-editor.default\">\n\t\t\t\t\t\t\t\t\t<ul><li><strong>Planilla de solicitud de permiso de empresa (puede ser retirada en las oficinas regionales del INSOPESCA y en la p\u00e1gina web Insopesca.gob.ve).<\/strong><\/li><li><strong>Copia del registro de informaci\u00f3n fiscal (RIF) vigente.<\/strong><\/li><li><strong>Copia de la cedula de identidad del representante legal de la empresa 1-9.<\/strong><\/li><li><strong>Copia del registro mercantil de la empresa o registro de firma si es persona natural, incluyendo \u00faltima modificaci\u00f3n, seg\u00fan sea el caso.<\/strong><\/li><li><strong>Planilla de inspecci\u00f3n t\u00e9cnica con su informe realizado por el personal del INSOPESCA.<\/strong><\/li><li><strong>Copia del comprobante de dep\u00f3sito bancario por pago de inspecci\u00f3n a las instalaciones (tasas aplicables conforme al art. 29 numeral 40 de la ley de pesca y acuicultura).<\/strong><\/li><li><strong>Comprobante de dep\u00f3sito bancario por pago de permiso de acuicultura, seg\u00fan art. 29 numerales del 31 al 40 seg\u00fan sea el caso, ley de pesca y acuicultura.<\/strong><\/li><\/ul>\t\t\t\t\t\t\t\t<\/div>\n\t\t\t\t\t<\/div>\n\t\t<\/div>\n\t\t\t\t<div class=\"elementor-column elementor-col-50 elementor-top-column elementor-element elementor-element-db9765b\" data-id=\"db9765b\" data-element_type=\"column\" data-settings=\"{&quot;background_background&quot;:&quot;classic&quot;}\">\n\t\t\t<div class=\"elementor-widget-wrap elementor-element-populated\">\n\t\t\t\t\t<div class=\"elementor-background-overlay\"><\/div>\n\t\t\t\t\t\t<div class=\"elementor-element elementor-element-7c64fb9 elementor-widget elementor-widget-heading\" data-id=\"7c64fb9\" data-element_type=\"widget\" data-widget_type=\"heading.default\">\n\t\t\t\t\t<h2 class=\"elementor-heading-title elementor-size-default\">Renovaci\u00f3n de permisos para la renovaci\u00f3n de permisos para comercializadoras\nde peces ornamentales<\/h2>\t\t\t\t<\/div>\n\t\t\t\t<div class=\"elementor-element elementor-element-a601780 elementor-widget__width-initial elementor-widget elementor-widget-text-editor\" data-id=\"a601780\" data-element_type=\"widget\" data-widget_type=\"text-editor.default\">\n\t\t\t\t\t\t\t\t\t<ul><li><strong>Planilla de solicitud de permiso de empresa (puede ser retirada en las oficinas <\/strong><strong>regionales del INSOPESCA o en la p\u00e1gina web Insopesca.gob.ve).<\/strong><\/li><li><strong>Copia del registro de informaci\u00f3n fiscal (RIF) actualizado y vigente.<\/strong><\/li><li><strong>Copia de la cedula de identidad del representante legal de la empresa.<\/strong><\/li><li><strong>En caso de modificaci\u00f3n, copia del registro mercantil de la empresa o registro de <\/strong><strong>firma si es persona natural.<\/strong><\/li><li><strong>Planilla de inspecci\u00f3n t\u00e9cnica con su informe realizada por el personal del <\/strong><strong>INSOPESCA (original). <\/strong><\/li><li><strong>Copia del comprobante de dep\u00f3sito bancario por pago de inspecci\u00f3n a las <\/strong><strong>instalaciones (tasas aplicables conforme al art. 29 numeral 40 de la ley de pesca y<\/strong><br \/><strong>acuicultura).<\/strong><\/li><li><strong>Comprobante de dep\u00f3sito bancario por pago de permiso de acuicultura seg\u00fan art. <\/strong><strong>29, numerales del 31 al 40, seg\u00fan sea el caso, ley de pesca y acuicultura.<\/strong><\/li><li><strong>EN CASO DE REQUERIR CAMBIO DE REPRESENTANTE LEGAL, CONSIGNAR:<\/strong><ul><li><strong>Oficio del administrado solicitando el cambio de representante legal<\/strong><\/li><li><strong>Copia de la cedula de identidad del nuevo representante legal.<\/strong><\/li><li><strong>Si es persona natural, presentar copia del registro de informaci\u00f3n fiscal (RIF) <\/strong><strong>vigente.<\/strong><\/li><\/ul><\/li><\/ul>\t\t\t\t\t\t\t\t<\/div>\n\t\t\t\t\t<\/div>\n\t\t<\/div>\n\t\t\t\t\t<\/div>\n\t\t<\/section>\n\t\t\t\t<section class=\"elementor-section elementor-top-section elementor-element elementor-element-791dc13 elementor-section-boxed elementor-section-height-default elementor-section-height-default\" data-id=\"791dc13\" data-element_type=\"section\">\n\t\t\t\t\t\t<div class=\"elementor-container elementor-column-gap-default\">\n\t\t\t\t\t<div class=\"elementor-column elementor-col-50 elementor-top-column elementor-element elementor-element-685b8ad\" data-id=\"685b8ad\" data-element_type=\"column\" data-settings=\"{&quot;background_background&quot;:&quot;classic&quot;}\">\n\t\t\t<div class=\"elementor-widget-wrap elementor-element-populated\">\n\t\t\t\t\t<div class=\"elementor-background-overlay\"><\/div>\n\t\t\t\t\t\t<div class=\"elementor-element elementor-element-fbe145d elementor-widget elementor-widget-heading\" data-id=\"fbe145d\" data-element_type=\"widget\" data-widget_type=\"heading.default\">\n\t\t\t\t\t<h2 class=\"elementor-heading-title elementor-size-default\">Tramitaci\u00f3n de permiso para ejercer la actividad de acuicultura cient\u00edfica<\/h2>\t\t\t\t<\/div>\n\t\t\t\t<div class=\"elementor-element elementor-element-630f1be elementor-widget elementor-widget-text-editor\" data-id=\"630f1be\" data-element_type=\"widget\" data-widget_type=\"text-editor.default\">\n\t\t\t\t\t\t\t\t\t<ul><li><strong>Planilla de solicitud de permiso de empresa (puede ser retirada en las oficinas <\/strong><strong>regionales del INSOPESCA y en la p\u00e1gina web Insopesca.gob.ve).<\/strong><\/li><li><strong>Carta de solicitud de permiso dirigida al presidente del INSOPESCA.<\/strong><\/li><li><strong>Copia del registro de informaci\u00f3n fiscal (RIF) de la instituci\u00f3n.<\/strong><\/li><li><strong>Copia del documento de designaci\u00f3n de la m\u00e1xima autoridad de la instituci\u00f3n.<\/strong><\/li><li><strong>Copia de la cedula de identidad de la m\u00e1xima autoridad de la instituci\u00f3n.<\/strong><\/li><li><strong>Resumen de los proyectos desarrollados.<\/strong><\/li><li><strong>Copia del comprobante de dep\u00f3sito bancario por pago de inspecci\u00f3n a las <\/strong><strong>instalaciones (tasas aplicables conforme al art. 29 numeral 40 de la ley de pesca y<\/strong><br \/><strong>acuicultura).<\/strong><\/li><li><strong>Comprobante de dep\u00f3sito bancario por pago de permiso de acuicultura seg\u00fan art. 29 <\/strong><strong>numerales del 31 al 40, seg\u00fan sea el caso, ley de pesca y acuicultura.<\/strong><\/li><li><strong>Planilla de inspecci\u00f3n t\u00e9cnica con su informe realizado por el personal del <\/strong><strong>INSOPESCA (original).<\/strong><\/li><\/ul>\t\t\t\t\t\t\t\t<\/div>\n\t\t\t\t\t<\/div>\n\t\t<\/div>\n\t\t\t\t<div class=\"elementor-column elementor-col-50 elementor-top-column elementor-element elementor-element-da37441\" data-id=\"da37441\" data-element_type=\"column\" data-settings=\"{&quot;background_background&quot;:&quot;classic&quot;}\">\n\t\t\t<div class=\"elementor-widget-wrap elementor-element-populated\">\n\t\t\t\t\t<div class=\"elementor-background-overlay\"><\/div>\n\t\t\t\t\t\t<div class=\"elementor-element elementor-element-5d29026 elementor-widget elementor-widget-heading\" data-id=\"5d29026\" data-element_type=\"widget\" data-widget_type=\"heading.default\">\n\t\t\t\t\t<h2 class=\"elementor-heading-title elementor-size-default\">Tramitaci\u00f3n de permiso de granjas acu\u00edcolas (cuando ya est\u00e1n consolidadas y no\npresentaron proyecto para visto bueno t\u00e9cnico)<\/h2>\t\t\t\t<\/div>\n\t\t\t\t<div class=\"elementor-element elementor-element-515419a elementor-widget__width-initial elementor-widget elementor-widget-text-editor\" data-id=\"515419a\" data-element_type=\"widget\" data-widget_type=\"text-editor.default\">\n\t\t\t\t\t\t\t\t\t<ul><li><strong>Planilla de solicitud de permiso de empresa (puede ser retirada en las oficinas regionales del INSOPESCA o en la p\u00e1gina web Insopesca.gob.ve).<\/strong><\/li><li><strong>Copia de la cedula de identidad del representante legal.<\/strong><\/li><li><strong>Copia del registro de informaci\u00f3n fiscal (RIF) y n\u00famero de identificaci\u00f3n tributaria (INT) actualizado.<\/strong><\/li><li><strong>Copia del acta constitutiva de la cooperativa, asociaci\u00f3n civil o empresa debidamente registrada.<\/strong><\/li><li><strong>Copia del documento de titularidad o tenencia de la tierra (carta agraria, adjudicaci\u00f3n temporal o permanente, declaratoria de garant\u00edas de permanencia y documento de<\/strong><br \/><strong>compra venta en terrenos privados).<\/strong><\/li><li><strong>Ficha t\u00e9cnica para la evaluaci\u00f3n de proyectos de acuicultura de reactivaci\u00f3n o consolidaci\u00f3n (INSOPESCA).<\/strong><\/li><li><strong>Autorizaci\u00f3n de ocupaci\u00f3n del territorio (AOT) otorgada por organismo competente.<\/strong><\/li><li><strong>Autorizaci\u00f3n de afectaci\u00f3n de los recursos naturales (AARN) y\/o conformidad de uso emitido por el Ministerio del Poder Popular para el Ecosocialismo (MINEC) (original y copia para verificar directamente en las regiones).<\/strong><\/li><li><strong>Planilla de inspecci\u00f3n t\u00e9cnica con su informe realizada por el personal del INSOPESCA (original).<\/strong><\/li><li><strong>Copia del comprobante de dep\u00f3sito bancario por pago de inspecci\u00f3n a las instalaciones (tasas aplicables conforme al art. 29 numeral 40 de la ley de pesca y<\/strong><br \/><strong>acuicultura).<\/strong><\/li><li><strong>Comprobante de dep\u00f3sito bancario por pago de permiso de acuicultura, seg\u00fan art. 29, numerales del 31 al 40, seg\u00fan sea el caso, ley de pesca y acuicultura.<\/strong><\/li><li><strong>EN CASO DE<\/strong><ul><li><strong>Cooperativas, presentar registro ante SUNACOOP y certificado de cumplimiento (art. 90 de la ley de asociaciones cooperativas).<\/strong><\/li><\/ul><\/li><\/ul>\t\t\t\t\t\t\t\t<\/div>\n\t\t\t\t\t<\/div>\n\t\t<\/div>\n\t\t\t\t\t<\/div>\n\t\t<\/section>\n\t\t<div class=\"elementor-element elementor-element-0c26d4f e-flex e-con-boxed e-con e-parent\" data-id=\"0c26d4f\" data-element_type=\"container\">\n\t\t\t\t\t<div class=\"e-con-inner\">\n\t\t\t\t<div class=\"elementor-element elementor-element-e744a14 elementor-widget elementor-widget-spacer\" data-id=\"e744a14\" data-element_type=\"widget\" data-widget_type=\"spacer.default\">\n\t\t\t\t\t\t\t<div class=\"elementor-spacer\">\n\t\t\t<div class=\"elementor-spacer-inner\"><\/div>\n\t\t<\/div>\n\t\t\t\t\t\t<\/div>\n\t\t\t\t\t<\/div>\n\t\t\t\t<\/div>\n\t\t\t\t<\/div>\n\t\t","protected":false},"excerpt":{"rendered":"<p>Registro Acu\u00edcola Planilla solicitud acu\u00edcola. Fotocopia de la cedula de identidad del representante legal. Fotocopia del RIF (vigente). Copia del documento del titularidad o tenencia de la tierra (carta agraria, adjudicaci\u00f3n temporal o permanente, declaratoria de garant\u00edas de garant\u00edas de permanencia y documento de compra venta en terrenos privados, donde se demuestre la tradici\u00f3n legal &hellip; <\/p>\n<p class=\"link-more\"><a href=\"https:\/\/insopesca.gob.ve\/?page_id=978\" class=\"more-link\">Leer m\u00e1s<span class=\"screen-reader-text\"> \u00abRecaudos tr\u00e1mites acuicultura\u00bb<\/span><\/a><\/p>\n","protected":false},"author":1,"featured_media":0,"parent":0,"menu_order":0,"comment_status":"closed","ping_status":"closed","template":"","meta":{"footnotes":""},"class_list":["post-978","page","type-page","status-publish","hentry"],"featured_media_urls":[],"_links":{"self":[{"href":"https:\/\/insopesca.gob.ve\/index.php?rest_route=\/wp\/v2\/pages\/978","targetHints":{"allow":["GET"]}}],"collection":[{"href":"https:\/\/insopesca.gob.ve\/index.php?rest_route=\/wp\/v2\/pages"}],"about":[{"href":"https:\/\/insopesca.gob.ve\/index.php?rest_route=\/wp\/v2\/types\/page"}],"author":[{"embeddable":true,"href":"https:\/\/insopesca.gob.ve\/index.php?rest_route=\/wp\/v2\/users\/1"}],"replies":[{"embeddable":true,"href":"https:\/\/insopesca.gob.ve\/index.php?rest_route=%2Fwp%2Fv2%2Fcomments&post=978"}],"version-history":[{"count":20,"href":"https:\/\/insopesca.gob.ve\/index.php?rest_route=\/wp\/v2\/pages\/978\/revisions"}],"predecessor-version":[{"id":1589,"href":"https:\/\/insopesca.gob.ve\/index.php?rest_route=\/wp\/v2\/pages\/978\/revisions\/1589"}],"wp:attachment":[{"href":"https:\/\/insopesca.gob.ve\/index.php?rest_route=%2Fwp%2Fv2%2Fmedia&parent=978"}],"curies":[{"name":"wp","href":"https:\/\/api.w.org\/{rel}","templated":true}]}}